{"id":955,"date":"2016-03-02T19:14:12","date_gmt":"2016-03-02T18:14:12","guid":{"rendered":"http:\/\/www.handballschule-duketis.de\/wordpress\/?page_id=955"},"modified":"2020-01-11T13:51:07","modified_gmt":"2020-01-11T12:51:07","slug":"sinn-und-zweck","status":"publish","type":"page","link":"http:\/\/www.handballschule-duketis.de\/wordpress\/sinn-und-zweck\/","title":{"rendered":"Sinn und Zweck"},"content":{"rendered":"<section class=\"l-section wpb_row height_medium color_primary with_img\"><div class=\"l-section-img\" role=\"img\" data-img-width=\"2000\" data-img-height=\"1333\" style=\"background-image: url(http:\/\/www.handballschule-duketis.de\/wordpress\/wp-content\/uploads\/2015\/04\/alle-sitzend.jpg);\"><\/div><div class=\"l-section-overlay\" style=\"background:rgba(71,71,71,0.68)\"><\/div><div class=\"l-section-h i-cf\"><div class=\"g-cols vc_row via_flex valign_middle type_default stacking_default\"><div class=\"vc_col-sm-12 wpb_column vc_column_container\"><div class=\"vc_column-inner\"><div class=\"wpb_wrapper\"><h1 class=\"w-post-elm post_title us_custom_064d9100 align_center entry-title color_link_inherit\">Sinn und Zweck<\/h1><nav class=\"g-breadcrumbs us_custom_ea2be81a separator_icon align_center\" itemscope itemtype=\"http:\/\/schema.org\/BreadcrumbList\"><div class=\"g-breadcrumbs-item\" itemscope itemprop=\"itemListElement\" itemtype=\"http:\/\/schema.org\/ListItem\"><a itemprop=\"item\" href=\"http:\/\/www.handballschule-duketis.de\/wordpress\/\"><span itemprop=\"name\">Start<\/span><\/a><meta itemprop=\"position\" content=\"1\"\/><\/div><div class=\"g-breadcrumbs-separator\"><i class=\"far fa-angle-right\"><\/i><\/div><div class=\"g-breadcrumbs-item\">Seiten<\/div><\/nav><\/div><\/div><\/div><\/div><\/div><\/section><section class=\"l-section wpb_row height_medium\"><div class=\"l-section-h i-cf\"><div class=\"g-cols vc_row via_flex valign_top type_default stacking_default\"><div class=\"vc_col-sm-12 wpb_column vc_column_container\"><div class=\"vc_column-inner\"><div class=\"wpb_wrapper\"><div class=\"wpb_text_column\"><div class=\"wpb_wrapper\"><p>In den meisten Vereinen haben die Jugendmannschaften oftmals nur einmal pro Woche Training und das nicht zu den besten Bedingungen. Ich habe es selbst schon erlebt, dass sich die E- und DJugend das Spielfeld teilen m\u00fcssen, also die jeweiligen Mannschaften nur die halbe Halle zur Verf\u00fcgung haben. Unter diesen Bedingungen kann man nicht alles in dem Umfang trainieren, wie es sinnvoll w\u00e4re. Zum Beispiel kann man den \u201eTempogegensto\u00df\u201c effektiv nur \u00fcber die gesamte Spielfl\u00e4che trainieren, wobei auch der Torwurf auf den gegnerischen Torwart erfolgt. Auf der halben Spielfl\u00e4che ist das nicht m\u00f6glich. Wir wissen aber, dass der Tempogegensto\u00df ein wichtiges taktisches Mittel ist und schon in fr\u00fchen Jahren ge\u00fcbt werden muss. Das ist nur ein Beispiel.<\/p>\n<p>Ein weiteres Manko ist, dass die knappe Trainingszeit es oft nicht zul\u00e4sst, die Kinder im individuellen Bereich zu f\u00f6rdern. Manche Kinder haben schon eine sehr gute Technik, andere wiederum \u201ehinken\u201c hinterher. Es gibt Kinder, die den Sprungwurf sehr gut beherrschen, andere aber noch nicht so weit sind. Im normalen Trainingsbetrieb ist es schwer, alle Kinder \u201eunter einen Hut\u201c zu bringen.<\/p>\n<p>Um diese Defizite auszugleichen, biete ich in meiner Handballschule in der schulfreien Zeit ein Handballcamp an, wo sich interessierte Kinder und Jugendliche anmelden k\u00f6nnen. Hier werden alters- und leistungsgerechte Gruppen gebildet und seperat gef\u00f6rdert. Speziell im individuellen Bereich wird gearbeitet, die Technik verbessert und z.B. die Wurfkraft verst\u00e4rkt. Je nachdem, wo Nachholbedarf besteht, dort wird intensiv trainiert und mit gest\u00e4rktem Selbstbewusstsein finden die Kinder auch im Vereinstraining wieder den Anschluss und haben in den Spielen Erfolg.<\/p>\n<\/div><\/div><\/div><\/div><\/div><\/div><\/div><\/section>\n","protected":false},"excerpt":{"rendered":"Sinn und ZweckStartSeitenIn den meisten Vereinen haben die Jugendmannschaften oftmals nur einmal pro Woche Training und das nicht zu den besten Bedingungen. Ich habe es selbst schon erlebt, dass sich die E- und DJugend das Spielfeld teilen m\u00fcssen, also die jeweiligen Mannschaften nur die halbe Halle zur Verf\u00fcgung haben. Unter diesen Bedingungen kann man nicht...","protected":false},"author":1,"featured_media":0,"parent":0,"menu_order":0,"comment_status":"closed","ping_status":"open","template":"","meta":{"footnotes":""},"class_list":["post-955","page","type-page","status-publish","hentry"],"_links":{"self":[{"href":"http:\/\/www.handballschule-duketis.de\/wordpress\/wp-json\/wp\/v2\/pages\/955","targetHints":{"allow":["GET"]}}],"collection":[{"href":"http:\/\/www.handballschule-duketis.de\/wordpress\/wp-json\/wp\/v2\/pages"}],"about":[{"href":"http:\/\/www.handballschule-duketis.de\/wordpress\/wp-json\/wp\/v2\/types\/page"}],"author":[{"embeddable":true,"href":"http:\/\/www.handballschule-duketis.de\/wordpress\/wp-json\/wp\/v2\/users\/1"}],"replies":[{"embeddable":true,"href":"http:\/\/www.handballschule-duketis.de\/wordpress\/wp-json\/wp\/v2\/comments?post=955"}],"version-history":[{"count":4,"href":"http:\/\/www.handballschule-duketis.de\/wordpress\/wp-json\/wp\/v2\/pages\/955\/revisions"}],"predecessor-version":[{"id":12912,"href":"http:\/\/www.handballschule-duketis.de\/wordpress\/wp-json\/wp\/v2\/pages\/955\/revisions\/12912"}],"wp:attachment":[{"href":"http:\/\/www.handballschule-duketis.de\/wordpress\/wp-json\/wp\/v2\/media?parent=955"}],"curies":[{"name":"wp","href":"https:\/\/api.w.org\/{rel}","templated":true}]}}